{"id":2506,"date":"2025-02-03T12:34:14","date_gmt":"2025-02-03T10:34:14","guid":{"rendered":"https:\/\/hagi10.ro\/kupalar\/"},"modified":"2025-03-28T15:37:58","modified_gmt":"2025-03-28T13:37:58","slug":"kupalar","status":"publish","type":"page","link":"https:\/\/hagi10.ro\/tr\/kupalar\/","title":{"rendered":"Kupalar"},"content":{"rendered":"\n<ul class=\"wp-block-list\">\n<li>2005&#8217;te T\u00fcrkiye Kupas\u0131&#8217;n\u0131 kazand\u0131<\/li>\n\n\n\n<li>2005 Y\u0131l\u0131n T\u00fcrk Antren\u00f6r\u00fc<\/li>\n\n\n\n<li>Steaua B\u00fckre\u015f 2007-2008 sezonunda \u015eampiyonlar Ligi grup a\u015famas\u0131na kat\u0131lmaya hak kazand\u0131<\/li>\n\n\n\n<li>2016-2017 sezonunda Romanya \u015fampiyonlu\u011funu kazand\u0131<\/li>\n\n\n\n<li>2022-2023 sezonunda Farul Constanta ile Romanya \u015fampiyonlu\u011funu kazand\u0131<\/li>\n\n\n\n<li>2018-2019 sezonunda Romanya Kupas\u0131&#8217;n\u0131 kazand\u0131<\/li>\n\n\n\n<li>2019&#8217;da Romanya S\u00fcper Kupas\u0131&#8217;n\u0131 kazand\u0131<\/li>\n\n\n\n<li>Lig 1&#8217;in en gen\u00e7 kadrosuyla FC Viitorul Constanta&#8217;y\u0131 \u00fcst \u00fcste d\u00f6rt kez Avrupa Kupalar\u0131na (2016, 2017, 2018, 2019) ta\u015f\u0131d\u0131.<\/li>\n\n\n\n<li>Gazeta Sporturilor taraf\u0131ndan 2015 ve 2017 y\u0131llar\u0131nda en iyi Rumen antren\u00f6r se\u00e7ildi<\/li>\n\n\n\n<li>2018\/2019 Profesyonel Futbol Ligi&#8217;nde sezonun ko\u00e7u se\u00e7ildi<\/li>\n\n\n\n<li>2022\/2023&#8217;te Profesyonel Futbol Ligi taraf\u0131ndan sezonun ko\u00e7u se\u00e7ildi<\/li>\n\n\n\n<li>AFAN 2022-2023 sezonu i\u00e7in Romanya&#8217;n\u0131n en iyi antren\u00f6r\u00fc se\u00e7ildi<\/li>\n<\/ul>\n\n<p><\/p>\n","protected":false},"excerpt":{"rendered":"","protected":false},"author":1,"featured_media":2311,"parent":0,"menu_order":0,"comment_status":"closed","ping_status":"closed","template":"","meta":{"_acf_changed":false,"footnotes":""},"class_list":["post-2506","page","type-page","status-publish","has-post-thumbnail","hentry"],"acf":[],"yoast_head":"<!-- This site is optimized with the Yoast SEO plugin v24.7 - https:\/\/yoast.com\/wordpress\/plugins\/seo\/ -->\n<title>Kupalar - Gheorghe Hagi<\/title>\n<meta name=\"robots\" content=\"index, follow, max-snippet:-1, max-image-preview:large, max-video-preview:-1\" \/>\n<link rel=\"canonical\" href=\"https:\/\/hagi10.ro\/trofee\/\" \/>\n<meta property=\"og:locale\" content=\"tr_TR\" \/>\n<meta property=\"og:type\" content=\"article\" \/>\n<meta property=\"og:title\" content=\"Kupalar - Gheorghe Hagi\" \/>\n<meta property=\"og:url\" content=\"https:\/\/hagi10.ro\/trofee\/\" \/>\n<meta property=\"og:site_name\" content=\"Gheorghe Hagi\" \/>\n<meta property=\"article:publisher\" content=\"https:\/\/www.facebook.com\/10GheorgheHagi\" \/>\n<meta property=\"article:modified_time\" content=\"2025-03-28T13:37:58+00:00\" \/>\n<meta property=\"og:image\" content=\"https:\/\/hagi10.ro\/wp-content\/uploads\/2025\/02\/6.Campion-cu-Farul-ca-manager-tehnic-2022-2023-scaled.jpg\" \/>\n\t<meta property=\"og:image:width\" content=\"2560\" \/>\n\t<meta property=\"og:image:height\" content=\"1694\" \/>\n\t<meta property=\"og:image:type\" content=\"image\/jpeg\" \/>\n<meta name=\"twitter:card\" content=\"summary_large_image\" \/>\n<meta name=\"twitter:label1\" content=\"Tahmini okuma s\u00fcresi\" \/>\n\t<meta name=\"twitter:data1\" content=\"1 dakika\" \/>\n<script type=\"application\/ld+json\" class=\"yoast-schema-graph\">{\"@context\":\"https:\/\/schema.org\",\"@graph\":[{\"@type\":\"WebPage\",\"@id\":\"https:\/\/hagi10.ro\/trofee\/\",\"url\":\"https:\/\/hagi10.ro\/trofee\/\",\"name\":\"Kupalar - Gheorghe Hagi\",\"isPartOf\":{\"@id\":\"https:\/\/hagi10.ro\/#website\"},\"primaryImageOfPage\":{\"@id\":\"https:\/\/hagi10.ro\/trofee\/#primaryimage\"},\"image\":{\"@id\":\"https:\/\/hagi10.ro\/trofee\/#primaryimage\"},\"thumbnailUrl\":\"https:\/\/hagi10.ro\/wp-content\/uploads\/2025\/02\/6.Campion-cu-Farul-ca-manager-tehnic-2022-2023-scaled.jpg\",\"datePublished\":\"2025-02-03T10:34:14+00:00\",\"dateModified\":\"2025-03-28T13:37:58+00:00\",\"breadcrumb\":{\"@id\":\"https:\/\/hagi10.ro\/trofee\/#breadcrumb\"},\"inLanguage\":\"tr\",\"potentialAction\":[{\"@type\":\"ReadAction\",\"target\":[\"https:\/\/hagi10.ro\/trofee\/\"]}]},{\"@type\":\"ImageObject\",\"inLanguage\":\"tr\",\"@id\":\"https:\/\/hagi10.ro\/trofee\/#primaryimage\",\"url\":\"https:\/\/hagi10.ro\/wp-content\/uploads\/2025\/02\/6.Campion-cu-Farul-ca-manager-tehnic-2022-2023-scaled.jpg\",\"contentUrl\":\"https:\/\/hagi10.ro\/wp-content\/uploads\/2025\/02\/6.Campion-cu-Farul-ca-manager-tehnic-2022-2023-scaled.jpg\",\"width\":2560,\"height\":1694},{\"@type\":\"BreadcrumbList\",\"@id\":\"https:\/\/hagi10.ro\/trofee\/#breadcrumb\",\"itemListElement\":[{\"@type\":\"ListItem\",\"position\":1,\"name\":\"Prima pagin\u0103\",\"item\":\"https:\/\/hagi10.ro\/\"},{\"@type\":\"ListItem\",\"position\":2,\"name\":\"Kupalar\"}]},{\"@type\":\"WebSite\",\"@id\":\"https:\/\/hagi10.ro\/#website\",\"url\":\"https:\/\/hagi10.ro\/\",\"name\":\"Gheorghe Hagi\",\"description\":\"Site Oficial\",\"publisher\":{\"@id\":\"https:\/\/hagi10.ro\/#organization\"},\"potentialAction\":[{\"@type\":\"SearchAction\",\"target\":{\"@type\":\"EntryPoint\",\"urlTemplate\":\"https:\/\/hagi10.ro\/?s={search_term_string}\"},\"query-input\":{\"@type\":\"PropertyValueSpecification\",\"valueRequired\":true,\"valueName\":\"search_term_string\"}}],\"inLanguage\":\"tr\"},{\"@type\":\"Organization\",\"@id\":\"https:\/\/hagi10.ro\/#organization\",\"name\":\"Gheorghe Hagi\",\"url\":\"https:\/\/hagi10.ro\/\",\"logo\":{\"@type\":\"ImageObject\",\"inLanguage\":\"tr\",\"@id\":\"https:\/\/hagi10.ro\/#\/schema\/logo\/image\/\",\"url\":\"https:\/\/hagi10.ro\/wp-content\/uploads\/2025\/03\/cropped-Hagilogo-1.png\",\"contentUrl\":\"https:\/\/hagi10.ro\/wp-content\/uploads\/2025\/03\/cropped-Hagilogo-1.png\",\"width\":151,\"height\":62,\"caption\":\"Gheorghe Hagi\"},\"image\":{\"@id\":\"https:\/\/hagi10.ro\/#\/schema\/logo\/image\/\"},\"sameAs\":[\"https:\/\/www.facebook.com\/10GheorgheHagi\",\"https:\/\/www.youtube.com\/@FarulConstantaTV\",\"https:\/\/www.instagram.com\/gheorghehagiofficial10\/\"]}]}<\/script>\n<!-- \/ Yoast SEO plugin. -->","yoast_head_json":{"title":"Kupalar - Gheorghe Hagi","robots":{"index":"index","follow":"follow","max-snippet":"max-snippet:-1","max-image-preview":"max-image-preview:large","max-video-preview":"max-video-preview:-1"},"canonical":"https:\/\/hagi10.ro\/trofee\/","og_locale":"tr_TR","og_type":"article","og_title":"Kupalar - Gheorghe Hagi","og_url":"https:\/\/hagi10.ro\/trofee\/","og_site_name":"Gheorghe Hagi","article_publisher":"https:\/\/www.facebook.com\/10GheorgheHagi","article_modified_time":"2025-03-28T13:37:58+00:00","og_image":[{"width":2560,"height":1694,"url":"https:\/\/hagi10.ro\/wp-content\/uploads\/2025\/02\/6.Campion-cu-Farul-ca-manager-tehnic-2022-2023-scaled.jpg","type":"image\/jpeg"}],"twitter_card":"summary_large_image","twitter_misc":{"Tahmini okuma s\u00fcresi":"1 dakika"},"schema":{"@context":"https:\/\/schema.org","@graph":[{"@type":"WebPage","@id":"https:\/\/hagi10.ro\/trofee\/","url":"https:\/\/hagi10.ro\/trofee\/","name":"Kupalar - Gheorghe Hagi","isPartOf":{"@id":"https:\/\/hagi10.ro\/#website"},"primaryImageOfPage":{"@id":"https:\/\/hagi10.ro\/trofee\/#primaryimage"},"image":{"@id":"https:\/\/hagi10.ro\/trofee\/#primaryimage"},"thumbnailUrl":"https:\/\/hagi10.ro\/wp-content\/uploads\/2025\/02\/6.Campion-cu-Farul-ca-manager-tehnic-2022-2023-scaled.jpg","datePublished":"2025-02-03T10:34:14+00:00","dateModified":"2025-03-28T13:37:58+00:00","breadcrumb":{"@id":"https:\/\/hagi10.ro\/trofee\/#breadcrumb"},"inLanguage":"tr","potentialAction":[{"@type":"ReadAction","target":["https:\/\/hagi10.ro\/trofee\/"]}]},{"@type":"ImageObject","inLanguage":"tr","@id":"https:\/\/hagi10.ro\/trofee\/#primaryimage","url":"https:\/\/hagi10.ro\/wp-content\/uploads\/2025\/02\/6.Campion-cu-Farul-ca-manager-tehnic-2022-2023-scaled.jpg","contentUrl":"https:\/\/hagi10.ro\/wp-content\/uploads\/2025\/02\/6.Campion-cu-Farul-ca-manager-tehnic-2022-2023-scaled.jpg","width":2560,"height":1694},{"@type":"BreadcrumbList","@id":"https:\/\/hagi10.ro\/trofee\/#breadcrumb","itemListElement":[{"@type":"ListItem","position":1,"name":"Prima pagin\u0103","item":"https:\/\/hagi10.ro\/"},{"@type":"ListItem","position":2,"name":"Kupalar"}]},{"@type":"WebSite","@id":"https:\/\/hagi10.ro\/#website","url":"https:\/\/hagi10.ro\/","name":"Gheorghe Hagi","description":"Site Oficial","publisher":{"@id":"https:\/\/hagi10.ro\/#organization"},"potentialAction":[{"@type":"SearchAction","target":{"@type":"EntryPoint","urlTemplate":"https:\/\/hagi10.ro\/?s={search_term_string}"},"query-input":{"@type":"PropertyValueSpecification","valueRequired":true,"valueName":"search_term_string"}}],"inLanguage":"tr"},{"@type":"Organization","@id":"https:\/\/hagi10.ro\/#organization","name":"Gheorghe Hagi","url":"https:\/\/hagi10.ro\/","logo":{"@type":"ImageObject","inLanguage":"tr","@id":"https:\/\/hagi10.ro\/#\/schema\/logo\/image\/","url":"https:\/\/hagi10.ro\/wp-content\/uploads\/2025\/03\/cropped-Hagilogo-1.png","contentUrl":"https:\/\/hagi10.ro\/wp-content\/uploads\/2025\/03\/cropped-Hagilogo-1.png","width":151,"height":62,"caption":"Gheorghe Hagi"},"image":{"@id":"https:\/\/hagi10.ro\/#\/schema\/logo\/image\/"},"sameAs":["https:\/\/www.facebook.com\/10GheorgheHagi","https:\/\/www.youtube.com\/@FarulConstantaTV","https:\/\/www.instagram.com\/gheorghehagiofficial10\/"]}]}},"_links":{"self":[{"href":"https:\/\/hagi10.ro\/tr\/wp-json\/wp\/v2\/pages\/2506","targetHints":{"allow":["GET"]}}],"collection":[{"href":"https:\/\/hagi10.ro\/tr\/wp-json\/wp\/v2\/pages"}],"about":[{"href":"https:\/\/hagi10.ro\/tr\/wp-json\/wp\/v2\/types\/page"}],"author":[{"embeddable":true,"href":"https:\/\/hagi10.ro\/tr\/wp-json\/wp\/v2\/users\/1"}],"replies":[{"embeddable":true,"href":"https:\/\/hagi10.ro\/tr\/wp-json\/wp\/v2\/comments?post=2506"}],"version-history":[{"count":1,"href":"https:\/\/hagi10.ro\/tr\/wp-json\/wp\/v2\/pages\/2506\/revisions"}],"predecessor-version":[{"id":2507,"href":"https:\/\/hagi10.ro\/tr\/wp-json\/wp\/v2\/pages\/2506\/revisions\/2507"}],"wp:featuredmedia":[{"embeddable":true,"href":"https:\/\/hagi10.ro\/tr\/wp-json\/wp\/v2\/media\/2311"}],"wp:attachment":[{"href":"https:\/\/hagi10.ro\/tr\/wp-json\/wp\/v2\/media?parent=2506"}],"curies":[{"name":"wp","href":"https:\/\/api.w.org\/{rel}","templated":true}]}}