{"id":2462,"date":"2025-03-03T20:58:26","date_gmt":"2025-03-03T18:58:26","guid":{"rendered":"https:\/\/hagi10.ro\/onur-odulleri\/"},"modified":"2025-03-25T14:22:51","modified_gmt":"2025-03-25T12:22:51","slug":"onur-odulleri","status":"publish","type":"page","link":"https:\/\/hagi10.ro\/tr\/onur-odulleri\/","title":{"rendered":"Onur \u00d6d\u00fclleri"},"content":{"rendered":"\n<p>Ekselanslar\u0131 Cumhurba\u015fkan\u0131 Emil Constantinescu&#8217;dan Komutan r\u00fctbesinde &#8220;Sad\u0131k Hizmet&#8221; Ulusal Ni\u015fan\u0131 (31.10.2000)<\/p>\n\n<figure class=\"wp-block-image size-large\"><img loading=\"lazy\" decoding=\"async\" width=\"1024\" height=\"768\" src=\"https:\/\/hagi10.ro\/wp-content\/uploads\/2025\/03\/cu-constantinescu-1024x768.jpg\" alt=\"\" class=\"wp-image-1891\" srcset=\"https:\/\/hagi10.ro\/wp-content\/uploads\/2025\/03\/cu-constantinescu-1024x768.jpg 1024w, https:\/\/hagi10.ro\/wp-content\/uploads\/2025\/03\/cu-constantinescu-300x225.jpg 300w, https:\/\/hagi10.ro\/wp-content\/uploads\/2025\/03\/cu-constantinescu-768x576.jpg 768w, https:\/\/hagi10.ro\/wp-content\/uploads\/2025\/03\/cu-constantinescu-1536x1152.jpg 1536w, https:\/\/hagi10.ro\/wp-content\/uploads\/2025\/03\/cu-constantinescu-2048x1536.jpg 2048w, https:\/\/hagi10.ro\/wp-content\/uploads\/2025\/03\/cu-constantinescu-1080x810.jpg 1080w\" sizes=\"auto, (max-width: 1024px) 100vw, 1024px\" \/><\/figure>\n\n<p><\/p>\n\n<p>Ekselanslar\u0131 Cumhurba\u015fkan\u0131 Ion Iliescu ile birlikte Hagi Galas\u0131&#8217;nda (24.04.2001)<\/p>\n\n<figure class=\"wp-block-image size-large\"><img loading=\"lazy\" decoding=\"async\" width=\"1024\" height=\"1024\" src=\"https:\/\/hagi10.ro\/wp-content\/uploads\/2025\/03\/cu-iliescu-1024x1024.jpg\" alt=\"\" class=\"wp-image-1892\" srcset=\"https:\/\/hagi10.ro\/wp-content\/uploads\/2025\/03\/cu-iliescu-1024x1024.jpg 1024w, https:\/\/hagi10.ro\/wp-content\/uploads\/2025\/03\/cu-iliescu-300x300.jpg 300w, https:\/\/hagi10.ro\/wp-content\/uploads\/2025\/03\/cu-iliescu-150x150.jpg 150w, https:\/\/hagi10.ro\/wp-content\/uploads\/2025\/03\/cu-iliescu-768x768.jpg 768w, https:\/\/hagi10.ro\/wp-content\/uploads\/2025\/03\/cu-iliescu-1536x1536.jpg 1536w, https:\/\/hagi10.ro\/wp-content\/uploads\/2025\/03\/cu-iliescu-330x330.jpg 330w, https:\/\/hagi10.ro\/wp-content\/uploads\/2025\/03\/cu-iliescu-660x660.jpg 660w, https:\/\/hagi10.ro\/wp-content\/uploads\/2025\/03\/cu-iliescu-1080x1080.jpg 1080w, https:\/\/hagi10.ro\/wp-content\/uploads\/2025\/03\/cu-iliescu.jpg 1612w\" sizes=\"auto, (max-width: 1024px) 100vw, 1024px\" \/><\/figure>\n\n<p><\/p>\n\n<p>Ekselanslar\u0131 Cumhurba\u015fkan\u0131 Traian B\u0103sescu taraf\u0131ndan II. s\u0131n\u0131f &#8220;Meritul Sportiv&#8221; ni\u015fan\u0131 ile \u00f6d\u00fcllendirilmi\u015ftir (24.03.2008)<\/p>\n\n<figure class=\"wp-block-image size-large\"><img loading=\"lazy\" decoding=\"async\" width=\"1024\" height=\"720\" src=\"https:\/\/hagi10.ro\/wp-content\/uploads\/2025\/03\/cu-basescu-1024x720.jpg\" alt=\"\" class=\"wp-image-1893\" srcset=\"https:\/\/hagi10.ro\/wp-content\/uploads\/2025\/03\/cu-basescu-1024x720.jpg 1024w, https:\/\/hagi10.ro\/wp-content\/uploads\/2025\/03\/cu-basescu-300x211.jpg 300w, https:\/\/hagi10.ro\/wp-content\/uploads\/2025\/03\/cu-basescu-768x540.jpg 768w, https:\/\/hagi10.ro\/wp-content\/uploads\/2025\/03\/cu-basescu-1536x1080.jpg 1536w, https:\/\/hagi10.ro\/wp-content\/uploads\/2025\/03\/cu-basescu-2048x1440.jpg 2048w, https:\/\/hagi10.ro\/wp-content\/uploads\/2025\/03\/cu-basescu-1080x759.jpg 1080w\" sizes=\"auto, (max-width: 1024px) 100vw, 1024px\" \/><\/figure>\n\n<p><\/p>\n\n<p>Ekselanslar\u0131 T\u00fcrkiye Cumhurba\u015fkan\u0131 Say\u0131n Recep Tayyip Erdo\u011fan ile<\/p>\n\n<figure class=\"wp-block-image size-large\"><img loading=\"lazy\" decoding=\"async\" width=\"1024\" height=\"749\" src=\"https:\/\/hagi10.ro\/wp-content\/uploads\/2025\/03\/erdogan-1024x749.jpg\" alt=\"\" class=\"wp-image-1894\" srcset=\"https:\/\/hagi10.ro\/wp-content\/uploads\/2025\/03\/erdogan-1024x749.jpg 1024w, https:\/\/hagi10.ro\/wp-content\/uploads\/2025\/03\/erdogan-300x219.jpg 300w, https:\/\/hagi10.ro\/wp-content\/uploads\/2025\/03\/erdogan-768x562.jpg 768w, https:\/\/hagi10.ro\/wp-content\/uploads\/2025\/03\/erdogan-1536x1124.jpg 1536w, https:\/\/hagi10.ro\/wp-content\/uploads\/2025\/03\/erdogan-2048x1498.jpg 2048w, https:\/\/hagi10.ro\/wp-content\/uploads\/2025\/03\/erdogan-1080x790.jpg 1080w\" sizes=\"auto, (max-width: 1024px) 100vw, 1024px\" \/><\/figure>\n\n<p><\/p>\n\n<p>Majesteleri \u0130sve\u00e7 Kral\u0131 Carl Gustav XVI ile<\/p>\n\n<figure class=\"wp-block-image size-large\"><img loading=\"lazy\" decoding=\"async\" width=\"1024\" height=\"751\" src=\"https:\/\/hagi10.ro\/wp-content\/uploads\/2025\/03\/GUSTAV-1024x751.jpg\" alt=\"\" class=\"wp-image-1895\" srcset=\"https:\/\/hagi10.ro\/wp-content\/uploads\/2025\/03\/GUSTAV-1024x751.jpg 1024w, https:\/\/hagi10.ro\/wp-content\/uploads\/2025\/03\/GUSTAV-300x220.jpg 300w, https:\/\/hagi10.ro\/wp-content\/uploads\/2025\/03\/GUSTAV-768x563.jpg 768w, https:\/\/hagi10.ro\/wp-content\/uploads\/2025\/03\/GUSTAV-1080x792.jpg 1080w, https:\/\/hagi10.ro\/wp-content\/uploads\/2025\/03\/GUSTAV.jpg 1516w\" sizes=\"auto, (max-width: 1024px) 100vw, 1024px\" \/><\/figure>\n\n<p><\/p>\n\n<p>&#8221;Nihil Sine Deo&#8221; madalyas\u0131 Majesteleri Veliaht Prenses Margaret taraf\u0131ndan \u015fahs\u0131ma takdim edilmi\u015ftir (13.05.2013)<\/p>\n\n<figure class=\"wp-block-image size-large\"><img loading=\"lazy\" decoding=\"async\" width=\"669\" height=\"1024\" src=\"https:\/\/hagi10.ro\/wp-content\/uploads\/2025\/03\/casa-regala-669x1024.jpg\" alt=\"\" class=\"wp-image-1896\" srcset=\"https:\/\/hagi10.ro\/wp-content\/uploads\/2025\/03\/casa-regala-669x1024.jpg 669w, https:\/\/hagi10.ro\/wp-content\/uploads\/2025\/03\/casa-regala-196x300.jpg 196w, https:\/\/hagi10.ro\/wp-content\/uploads\/2025\/03\/casa-regala-768x1176.jpg 768w, https:\/\/hagi10.ro\/wp-content\/uploads\/2025\/03\/casa-regala-705x1080.jpg 705w, https:\/\/hagi10.ro\/wp-content\/uploads\/2025\/03\/casa-regala.jpg 900w\" sizes=\"auto, (max-width: 669px) 100vw, 669px\" \/><\/figure>\n\n<p><\/p>\n\n<p>ABD Ba\u015fkan\u0131 George W. Bush ile (23 Kas\u0131m 2002)<\/p>\n\n<figure class=\"wp-block-image size-large\"><img loading=\"lazy\" decoding=\"async\" width=\"1024\" height=\"693\" src=\"https:\/\/hagi10.ro\/wp-content\/uploads\/2025\/03\/SKM_C364e24120513560-min-1024x693.jpg\" alt=\"\" class=\"wp-image-1897\" srcset=\"https:\/\/hagi10.ro\/wp-content\/uploads\/2025\/03\/SKM_C364e24120513560-min-1024x693.jpg 1024w, https:\/\/hagi10.ro\/wp-content\/uploads\/2025\/03\/SKM_C364e24120513560-min-300x203.jpg 300w, https:\/\/hagi10.ro\/wp-content\/uploads\/2025\/03\/SKM_C364e24120513560-min-768x520.jpg 768w, https:\/\/hagi10.ro\/wp-content\/uploads\/2025\/03\/SKM_C364e24120513560-min-1536x1040.jpg 1536w, https:\/\/hagi10.ro\/wp-content\/uploads\/2025\/03\/SKM_C364e24120513560-min-2048x1387.jpg 2048w, https:\/\/hagi10.ro\/wp-content\/uploads\/2025\/03\/SKM_C364e24120513560-min-1080x731.jpg 1080w\" sizes=\"auto, (max-width: 1024px) 100vw, 1024px\" \/><\/figure>\n\n<p><\/p>\n\n<p>FIFA Ba\u015fkan\u0131 Sepp Blatter ile Hagi Galas\u0131&#8217;nda (24.04.2001)<\/p>\n\n<figure class=\"wp-block-image size-large\"><img loading=\"lazy\" decoding=\"async\" width=\"1024\" height=\"699\" src=\"https:\/\/hagi10.ro\/wp-content\/uploads\/2025\/03\/SKM_C364e24120513490-min-1024x699.jpg\" alt=\"\" class=\"wp-image-1898\" srcset=\"https:\/\/hagi10.ro\/wp-content\/uploads\/2025\/03\/SKM_C364e24120513490-min-1024x699.jpg 1024w, https:\/\/hagi10.ro\/wp-content\/uploads\/2025\/03\/SKM_C364e24120513490-min-300x205.jpg 300w, https:\/\/hagi10.ro\/wp-content\/uploads\/2025\/03\/SKM_C364e24120513490-min-768x524.jpg 768w, https:\/\/hagi10.ro\/wp-content\/uploads\/2025\/03\/SKM_C364e24120513490-min-1536x1049.jpg 1536w, https:\/\/hagi10.ro\/wp-content\/uploads\/2025\/03\/SKM_C364e24120513490-min-2048x1399.jpg 2048w, https:\/\/hagi10.ro\/wp-content\/uploads\/2025\/03\/SKM_C364e24120513490-min-1080x738.jpg 1080w\" sizes=\"auto, (max-width: 1024px) 100vw, 1024px\" \/><\/figure>\n\n<p><\/p>\n\n<p>Monte Carlo&#8217;da (21.09.2015) Monako Prensi Albert ad\u0131na verilen &#8220;Alt\u0131n Ayak&#8221; (Hall of Fame) \u00f6d\u00fcl\u00fc.<\/p>\n\n<figure class=\"wp-block-image size-large\"><img loading=\"lazy\" decoding=\"async\" width=\"1024\" height=\"458\" src=\"https:\/\/hagi10.ro\/wp-content\/uploads\/2025\/03\/Golden-Foot-modificat-1024x458.jpg\" alt=\"\" class=\"wp-image-1899\" srcset=\"https:\/\/hagi10.ro\/wp-content\/uploads\/2025\/03\/Golden-Foot-modificat-1024x458.jpg 1024w, https:\/\/hagi10.ro\/wp-content\/uploads\/2025\/03\/Golden-Foot-modificat-300x134.jpg 300w, https:\/\/hagi10.ro\/wp-content\/uploads\/2025\/03\/Golden-Foot-modificat-768x343.jpg 768w, https:\/\/hagi10.ro\/wp-content\/uploads\/2025\/03\/Golden-Foot-modificat-1536x686.jpg 1536w, https:\/\/hagi10.ro\/wp-content\/uploads\/2025\/03\/Golden-Foot-modificat-2048x915.jpg 2048w, https:\/\/hagi10.ro\/wp-content\/uploads\/2025\/03\/Golden-Foot-modificat-1080x483.jpg 1080w\" sizes=\"auto, (max-width: 1024px) 100vw, 1024px\" \/><\/figure>\n","protected":false},"excerpt":{"rendered":"<p>Ekselanslar\u0131 Cumhurba\u015fkan\u0131 Emil Constantinescu&#8217;dan Komutan r\u00fctbesinde &#8220;Sad\u0131k Hizmet&#8221; Ulusal Ni\u015fan\u0131 (31.10.2000) Ekselanslar\u0131 Cumhurba\u015fkan\u0131 Ion Iliescu ile birlikte Hagi Galas\u0131&#8217;nda (24.04.2001) Ekselanslar\u0131 Cumhurba\u015fkan\u0131 Traian B\u0103sescu taraf\u0131ndan II. s\u0131n\u0131f &#8220;Meritul Sportiv&#8221; ni\u015fan\u0131 ile \u00f6d\u00fcllendirilmi\u015ftir (24.03.2008) Ekselanslar\u0131 T\u00fcrkiye Cumhurba\u015fkan\u0131 Say\u0131n Recep Tayyip Erdo\u011fan ile Majesteleri \u0130sve\u00e7 Kral\u0131 Carl Gustav XVI ile &#8221;Nihil Sine Deo&#8221; madalyas\u0131 Majesteleri Veliaht Prenses [&hellip;]<\/p>\n","protected":false},"author":1,"featured_media":0,"parent":0,"menu_order":0,"comment_status":"closed","ping_status":"closed","template":"","meta":{"_acf_changed":false,"footnotes":""},"class_list":["post-2462","page","type-page","status-publish","hentry"],"acf":[],"yoast_head":"<!-- This site is optimized with the Yoast SEO plugin v24.7 - https:\/\/yoast.com\/wordpress\/plugins\/seo\/ -->\n<title>Onur \u00d6d\u00fclleri - Gheorghe Hagi<\/title>\n<meta name=\"robots\" content=\"index, follow, max-snippet:-1, max-image-preview:large, max-video-preview:-1\" \/>\n<link rel=\"canonical\" href=\"https:\/\/hagi10.ro\/distinctii\/\" \/>\n<meta property=\"og:locale\" content=\"tr_TR\" \/>\n<meta property=\"og:type\" content=\"article\" \/>\n<meta property=\"og:title\" content=\"Onur \u00d6d\u00fclleri - Gheorghe Hagi\" \/>\n<meta property=\"og:description\" content=\"Ekselanslar\u0131 Cumhurba\u015fkan\u0131 Emil Constantinescu&#8217;dan Komutan r\u00fctbesinde &#8220;Sad\u0131k Hizmet&#8221; Ulusal Ni\u015fan\u0131 (31.10.2000) Ekselanslar\u0131 Cumhurba\u015fkan\u0131 Ion Iliescu ile birlikte Hagi Galas\u0131&#8217;nda (24.04.2001) Ekselanslar\u0131 Cumhurba\u015fkan\u0131 Traian B\u0103sescu taraf\u0131ndan II. s\u0131n\u0131f &#8220;Meritul Sportiv&#8221; ni\u015fan\u0131 ile \u00f6d\u00fcllendirilmi\u015ftir (24.03.2008) Ekselanslar\u0131 T\u00fcrkiye Cumhurba\u015fkan\u0131 Say\u0131n Recep Tayyip Erdo\u011fan ile Majesteleri \u0130sve\u00e7 Kral\u0131 Carl Gustav XVI ile &#8221;Nihil Sine Deo&#8221; madalyas\u0131 Majesteleri Veliaht Prenses [&hellip;]\" \/>\n<meta property=\"og:url\" content=\"https:\/\/hagi10.ro\/distinctii\/\" \/>\n<meta property=\"og:site_name\" content=\"Gheorghe Hagi\" \/>\n<meta property=\"article:publisher\" content=\"https:\/\/www.facebook.com\/10GheorgheHagi\" \/>\n<meta property=\"article:modified_time\" content=\"2025-03-25T12:22:51+00:00\" \/>\n<meta property=\"og:image\" content=\"https:\/\/hagi10.ro\/wp-content\/uploads\/2025\/03\/cu-constantinescu-1024x768.jpg\" \/>\n<meta name=\"twitter:card\" content=\"summary_large_image\" \/>\n<meta name=\"twitter:label1\" content=\"Tahmini okuma s\u00fcresi\" \/>\n\t<meta name=\"twitter:data1\" content=\"1 dakika\" \/>\n<script type=\"application\/ld+json\" class=\"yoast-schema-graph\">{\"@context\":\"https:\/\/schema.org\",\"@graph\":[{\"@type\":\"WebPage\",\"@id\":\"https:\/\/hagi10.ro\/distinctii\/\",\"url\":\"https:\/\/hagi10.ro\/distinctii\/\",\"name\":\"Onur \u00d6d\u00fclleri - Gheorghe Hagi\",\"isPartOf\":{\"@id\":\"https:\/\/hagi10.ro\/#website\"},\"primaryImageOfPage\":{\"@id\":\"https:\/\/hagi10.ro\/distinctii\/#primaryimage\"},\"image\":{\"@id\":\"https:\/\/hagi10.ro\/distinctii\/#primaryimage\"},\"thumbnailUrl\":\"https:\/\/hagi10.ro\/wp-content\/uploads\/2025\/03\/cu-constantinescu-1024x768.jpg\",\"datePublished\":\"2025-03-03T18:58:26+00:00\",\"dateModified\":\"2025-03-25T12:22:51+00:00\",\"breadcrumb\":{\"@id\":\"https:\/\/hagi10.ro\/distinctii\/#breadcrumb\"},\"inLanguage\":\"tr\",\"potentialAction\":[{\"@type\":\"ReadAction\",\"target\":[\"https:\/\/hagi10.ro\/distinctii\/\"]}]},{\"@type\":\"ImageObject\",\"inLanguage\":\"tr\",\"@id\":\"https:\/\/hagi10.ro\/distinctii\/#primaryimage\",\"url\":\"https:\/\/hagi10.ro\/wp-content\/uploads\/2025\/03\/cu-constantinescu-1024x768.jpg\",\"contentUrl\":\"https:\/\/hagi10.ro\/wp-content\/uploads\/2025\/03\/cu-constantinescu-1024x768.jpg\"},{\"@type\":\"BreadcrumbList\",\"@id\":\"https:\/\/hagi10.ro\/distinctii\/#breadcrumb\",\"itemListElement\":[{\"@type\":\"ListItem\",\"position\":1,\"name\":\"Prima pagin\u0103\",\"item\":\"https:\/\/hagi10.ro\/\"},{\"@type\":\"ListItem\",\"position\":2,\"name\":\"Onur \u00d6d\u00fclleri\"}]},{\"@type\":\"WebSite\",\"@id\":\"https:\/\/hagi10.ro\/#website\",\"url\":\"https:\/\/hagi10.ro\/\",\"name\":\"Gheorghe Hagi\",\"description\":\"Site Oficial\",\"publisher\":{\"@id\":\"https:\/\/hagi10.ro\/#organization\"},\"potentialAction\":[{\"@type\":\"SearchAction\",\"target\":{\"@type\":\"EntryPoint\",\"urlTemplate\":\"https:\/\/hagi10.ro\/?s={search_term_string}\"},\"query-input\":{\"@type\":\"PropertyValueSpecification\",\"valueRequired\":true,\"valueName\":\"search_term_string\"}}],\"inLanguage\":\"tr\"},{\"@type\":\"Organization\",\"@id\":\"https:\/\/hagi10.ro\/#organization\",\"name\":\"Gheorghe Hagi\",\"url\":\"https:\/\/hagi10.ro\/\",\"logo\":{\"@type\":\"ImageObject\",\"inLanguage\":\"tr\",\"@id\":\"https:\/\/hagi10.ro\/#\/schema\/logo\/image\/\",\"url\":\"https:\/\/hagi10.ro\/wp-content\/uploads\/2025\/03\/cropped-Hagilogo-1.png\",\"contentUrl\":\"https:\/\/hagi10.ro\/wp-content\/uploads\/2025\/03\/cropped-Hagilogo-1.png\",\"width\":151,\"height\":62,\"caption\":\"Gheorghe Hagi\"},\"image\":{\"@id\":\"https:\/\/hagi10.ro\/#\/schema\/logo\/image\/\"},\"sameAs\":[\"https:\/\/www.facebook.com\/10GheorgheHagi\",\"https:\/\/www.youtube.com\/@FarulConstantaTV\",\"https:\/\/www.instagram.com\/gheorghehagiofficial10\/\"]}]}<\/script>\n<!-- \/ Yoast SEO plugin. -->","yoast_head_json":{"title":"Onur \u00d6d\u00fclleri - Gheorghe Hagi","robots":{"index":"index","follow":"follow","max-snippet":"max-snippet:-1","max-image-preview":"max-image-preview:large","max-video-preview":"max-video-preview:-1"},"canonical":"https:\/\/hagi10.ro\/distinctii\/","og_locale":"tr_TR","og_type":"article","og_title":"Onur \u00d6d\u00fclleri - Gheorghe Hagi","og_description":"Ekselanslar\u0131 Cumhurba\u015fkan\u0131 Emil Constantinescu&#8217;dan Komutan r\u00fctbesinde &#8220;Sad\u0131k Hizmet&#8221; Ulusal Ni\u015fan\u0131 (31.10.2000) Ekselanslar\u0131 Cumhurba\u015fkan\u0131 Ion Iliescu ile birlikte Hagi Galas\u0131&#8217;nda (24.04.2001) Ekselanslar\u0131 Cumhurba\u015fkan\u0131 Traian B\u0103sescu taraf\u0131ndan II. s\u0131n\u0131f &#8220;Meritul Sportiv&#8221; ni\u015fan\u0131 ile \u00f6d\u00fcllendirilmi\u015ftir (24.03.2008) Ekselanslar\u0131 T\u00fcrkiye Cumhurba\u015fkan\u0131 Say\u0131n Recep Tayyip Erdo\u011fan ile Majesteleri \u0130sve\u00e7 Kral\u0131 Carl Gustav XVI ile &#8221;Nihil Sine Deo&#8221; madalyas\u0131 Majesteleri Veliaht Prenses [&hellip;]","og_url":"https:\/\/hagi10.ro\/distinctii\/","og_site_name":"Gheorghe Hagi","article_publisher":"https:\/\/www.facebook.com\/10GheorgheHagi","article_modified_time":"2025-03-25T12:22:51+00:00","og_image":[{"url":"https:\/\/hagi10.ro\/wp-content\/uploads\/2025\/03\/cu-constantinescu-1024x768.jpg","type":"","width":"","height":""}],"twitter_card":"summary_large_image","twitter_misc":{"Tahmini okuma s\u00fcresi":"1 dakika"},"schema":{"@context":"https:\/\/schema.org","@graph":[{"@type":"WebPage","@id":"https:\/\/hagi10.ro\/distinctii\/","url":"https:\/\/hagi10.ro\/distinctii\/","name":"Onur \u00d6d\u00fclleri - Gheorghe Hagi","isPartOf":{"@id":"https:\/\/hagi10.ro\/#website"},"primaryImageOfPage":{"@id":"https:\/\/hagi10.ro\/distinctii\/#primaryimage"},"image":{"@id":"https:\/\/hagi10.ro\/distinctii\/#primaryimage"},"thumbnailUrl":"https:\/\/hagi10.ro\/wp-content\/uploads\/2025\/03\/cu-constantinescu-1024x768.jpg","datePublished":"2025-03-03T18:58:26+00:00","dateModified":"2025-03-25T12:22:51+00:00","breadcrumb":{"@id":"https:\/\/hagi10.ro\/distinctii\/#breadcrumb"},"inLanguage":"tr","potentialAction":[{"@type":"ReadAction","target":["https:\/\/hagi10.ro\/distinctii\/"]}]},{"@type":"ImageObject","inLanguage":"tr","@id":"https:\/\/hagi10.ro\/distinctii\/#primaryimage","url":"https:\/\/hagi10.ro\/wp-content\/uploads\/2025\/03\/cu-constantinescu-1024x768.jpg","contentUrl":"https:\/\/hagi10.ro\/wp-content\/uploads\/2025\/03\/cu-constantinescu-1024x768.jpg"},{"@type":"BreadcrumbList","@id":"https:\/\/hagi10.ro\/distinctii\/#breadcrumb","itemListElement":[{"@type":"ListItem","position":1,"name":"Prima pagin\u0103","item":"https:\/\/hagi10.ro\/"},{"@type":"ListItem","position":2,"name":"Onur \u00d6d\u00fclleri"}]},{"@type":"WebSite","@id":"https:\/\/hagi10.ro\/#website","url":"https:\/\/hagi10.ro\/","name":"Gheorghe Hagi","description":"Site Oficial","publisher":{"@id":"https:\/\/hagi10.ro\/#organization"},"potentialAction":[{"@type":"SearchAction","target":{"@type":"EntryPoint","urlTemplate":"https:\/\/hagi10.ro\/?s={search_term_string}"},"query-input":{"@type":"PropertyValueSpecification","valueRequired":true,"valueName":"search_term_string"}}],"inLanguage":"tr"},{"@type":"Organization","@id":"https:\/\/hagi10.ro\/#organization","name":"Gheorghe Hagi","url":"https:\/\/hagi10.ro\/","logo":{"@type":"ImageObject","inLanguage":"tr","@id":"https:\/\/hagi10.ro\/#\/schema\/logo\/image\/","url":"https:\/\/hagi10.ro\/wp-content\/uploads\/2025\/03\/cropped-Hagilogo-1.png","contentUrl":"https:\/\/hagi10.ro\/wp-content\/uploads\/2025\/03\/cropped-Hagilogo-1.png","width":151,"height":62,"caption":"Gheorghe Hagi"},"image":{"@id":"https:\/\/hagi10.ro\/#\/schema\/logo\/image\/"},"sameAs":["https:\/\/www.facebook.com\/10GheorgheHagi","https:\/\/www.youtube.com\/@FarulConstantaTV","https:\/\/www.instagram.com\/gheorghehagiofficial10\/"]}]}},"_links":{"self":[{"href":"https:\/\/hagi10.ro\/tr\/wp-json\/wp\/v2\/pages\/2462","targetHints":{"allow":["GET"]}}],"collection":[{"href":"https:\/\/hagi10.ro\/tr\/wp-json\/wp\/v2\/pages"}],"about":[{"href":"https:\/\/hagi10.ro\/tr\/wp-json\/wp\/v2\/types\/page"}],"author":[{"embeddable":true,"href":"https:\/\/hagi10.ro\/tr\/wp-json\/wp\/v2\/users\/1"}],"replies":[{"embeddable":true,"href":"https:\/\/hagi10.ro\/tr\/wp-json\/wp\/v2\/comments?post=2462"}],"version-history":[{"count":2,"href":"https:\/\/hagi10.ro\/tr\/wp-json\/wp\/v2\/pages\/2462\/revisions"}],"predecessor-version":[{"id":2464,"href":"https:\/\/hagi10.ro\/tr\/wp-json\/wp\/v2\/pages\/2462\/revisions\/2464"}],"wp:attachment":[{"href":"https:\/\/hagi10.ro\/tr\/wp-json\/wp\/v2\/media?parent=2462"}],"curies":[{"name":"wp","href":"https:\/\/api.w.org\/{rel}","templated":true}]}}