{"id":2456,"date":"2025-03-03T15:29:46","date_gmt":"2025-03-03T13:29:46","guid":{"rendered":"https:\/\/hagi10.ro\/unicef-elcisi\/"},"modified":"2025-03-25T14:22:51","modified_gmt":"2025-03-25T12:22:51","slug":"unicef-elcisi","status":"publish","type":"page","link":"https:\/\/hagi10.ro\/tr\/unicef-elcisi\/","title":{"rendered":"UNICEF El\u00e7isi"},"content":{"rendered":"\r\n        <div class='html5_video_players' style=\"width:100%;\" data-nonce=\"9da8a239cd\" data-attributes=\"{&quot;options&quot;:{&quot;controls&quot;:[&quot;play-large&quot;,&quot;play&quot;,&quot;progress&quot;,&quot;current-time&quot;,&quot;mute&quot;,&quot;volume&quot;,&quot;settings&quot;,&quot;fullscreen&quot;],&quot;settings&quot;:[&quot;captions&quot;,&quot;quality&quot;,&quot;speed&quot;,&quot;loop&quot;],&quot;loadSprite&quot;:true,&quot;autoplay&quot;:false,&quot;seekTime&quot;:10,&quot;volume&quot;:1,&quot;muted&quot;:false,&quot;hideControls&quot;:true,&quot;resetOnEnd&quot;:false,&quot;tooltips&quot;:{&quot;controls&quot;:true,&quot;seek&quot;:true},&quot;captions&quot;:{&quot;active&quot;:false,&quot;language&quot;:&quot;auto&quot;,&quot;update&quot;:true},&quot;ratio&quot;:null,&quot;storage&quot;:{&quot;enabled&quot;:true,&quot;key&quot;:&quot;plyr&quot;},&quot;speed&quot;:{&quot;options&quot;:[&quot;1&quot;,&quot;2&quot;,&quot;3&quot;,&quot;0.5&quot;,&quot;0.75&quot;,&quot;1.25&quot;,&quot;1.5&quot;,&quot;1.75&quot;,&quot;2.5&quot;]},&quot;loop&quot;:{&quot;active&quot;:false},&quot;ads&quot;:{&quot;enabled&quot;:true},&quot;urls&quot;:{&quot;enabled&quot;:false},&quot;markers&quot;:{&quot;enabled&quot;:true,&quot;points&quot;:[]},&quot;preload&quot;:&quot;metadata&quot;,&quot;imported&quot;:true},&quot;additionalID&quot;:&quot;&quot;,&quot;features&quot;:{&quot;popup&quot;:{&quot;enabled&quot;:false,&quot;selector&quot;:null,&quot;hasBtn&quot;:false,&quot;type&quot;:&quot;poster&quot;,&quot;btnText&quot;:&quot;Watch Video&quot;,&quot;align&quot;:&quot;center&quot;,&quot;btnStyle&quot;:{&quot;color&quot;:&quot;#fff&quot;,&quot;backgroundColor&quot;:&quot;#006BA1&quot;,&quot;fontSize&quot;:&quot;16px&quot;,&quot;padding&quot;:{&quot;top&quot;:&quot;10px&quot;,&quot;right&quot;:&quot;20px&quot;,&quot;bottom&quot;:&quot;10px&quot;,&quot;left&quot;:&quot;20px&quot;}}},&quot;overlay&quot;:{&quot;enabled&quot;:false,&quot;items&quot;:[{&quot;color&quot;:&quot;#fff&quot;,&quot;backgroundColor&quot;:&quot;#333&quot;,&quot;fontSize&quot;:&quot;16px&quot;,&quot;link&quot;:&quot;&quot;,&quot;logo&quot;:&quot;&quot;,&quot;text&quot;:&quot;Simple Text&quot;,&quot;position&quot;:&quot;top_right&quot;,&quot;type&quot;:&quot;text&quot;,&quot;opacity&quot;:1}]},&quot;endScreen&quot;:{&quot;enabled&quot;:false,&quot;text&quot;:&quot;Simple Text&quot;,&quot;btnText&quot;:&quot;Watch Again&quot;,&quot;btnLink&quot;:&quot;&quot;,&quot;btnStyle&quot;:[]},&quot;thumbInPause&quot;:{&quot;enabled&quot;:false,&quot;type&quot;:&quot;default&quot;},&quot;watermark&quot;:{&quot;enabled&quot;:false,&quot;type&quot;:&quot;email&quot;,&quot;text&quot;:&quot;&quot;,&quot;color&quot;:&quot;#f00&quot;},&quot;passwordProtected&quot;:{&quot;enabled&quot;:false,&quot;errorMessage&quot;:&quot;Password didn&#039;t matched&quot;,&quot;heading&quot;:&quot;Please Entire the password to access the video&quot;,&quot;button&quot;:{&quot;text&quot;:&quot;Access&quot;,&quot;color&quot;:&quot;#222&quot;,&quot;backgroundColor&quot;:&quot;#ffffffe3&quot;},&quot;key&quot;:&quot;h5vp_yCzpEzcjoo&quot;},&quot;sticky&quot;:{&quot;enabled&quot;:false,&quot;position&quot;:&quot;top_right&quot;},&quot;playWhenVisible&quot;:false,&quot;disablePause&quot;:false,&quot;hideYoutubeUI&quot;:false,&quot;startTime&quot;:null,&quot;hideLoadingPlaceholder&quot;:false},&quot;data&quot;:[],&quot;propagans&quot;:false,&quot;customDownloadURL&quot;:false,&quot;captionEnabled&quot;:false,&quot;disableDownload&quot;:false,&quot;disablePause&quot;:false,&quot;startTime&quot;:0,&quot;thumbInPause&quot;:false,&quot;thumbStyle&quot;:&quot;default&quot;,&quot;autoplayWhenVisible&quot;:false,&quot;saveState&quot;:true,&quot;protected&quot;:false,&quot;captions&quot;:[{&quot;label&quot;:&quot;label&quot;,&quot;caption_file&quot;:&quot;&quot;}],&quot;qualities&quot;:[],&quot;source&quot;:&quot;https:\\\/\\\/hagi10.ro\\\/unicef.mp4&quot;,&quot;poster&quot;:false,&quot;hideYoutubeUI&quot;:false,&quot;branding&quot;:{&quot;enabled&quot;:false,&quot;color&quot;:&quot;#ffffff&quot;},&quot;imported&quot;:true,&quot;uniqueId&quot;:&quot;h5vp9ae20ce5&quot;,&quot;styles&quot;:{&quot;plyr--video&quot;:{&quot;--plyr-color-main&quot;:&quot;#1ABAFF&quot;},&quot;plyr_wrapper&quot;:{&quot;width&quot;:&quot;100%&quot;},&quot;plyr&quot;:{&quot;borderRadius&quot;:&quot;0px&quot;}},&quot;width&quot;:{&quot;deprecated&quot;:true,&quot;number&quot;:100,&quot;unit&quot;:&quot;%&quot;,&quot;isDeprecated&quot;:true},&quot;provider&quot;:&quot;self-hosted&quot;,&quot;quality&quot;:[],&quot;subtitle&quot;:[{&quot;label&quot;:&quot;label&quot;,&quot;caption_file&quot;:&quot;&quot;}],&quot;CSS&quot;:&quot;&quot;,&quot;isCDURL&quot;:false,&quot;posterTime&quot;:20,&quot;chapters&quot;:[],&quot;controls&quot;:{&quot;play-large&quot;:true,&quot;restart&quot;:false,&quot;rewind&quot;:false,&quot;play&quot;:true,&quot;fast-forward&quot;:false,&quot;progress&quot;:true,&quot;current-time&quot;:true,&quot;duration&quot;:false,&quot;mute&quot;:true,&quot;volume&quot;:true,&quot;pip&quot;:false,&quot;airplay&quot;:false,&quot;settings&quot;:true,&quot;downlaod&quot;:false,&quot;fullscreen&quot;:true},&quot;brandColor&quot;:&quot;#00B3FF&quot;,&quot;radius&quot;:{&quot;number&quot;:0,&quot;unit&quot;:&quot;px&quot;},&quot;repeat&quot;:false,&quot;autoplay&quot;:false,&quot;muted&quot;:false,&quot;sticky&quot;:false,&quot;stickyPosition&quot;:&quot;top-right&quot;,&quot;popup&quot;:false,&quot;popupType&quot;:&quot;poster&quot;,&quot;playsinline&quot;:false,&quot;popupBtnStyle&quot;:{&quot;color&quot;:&quot;#fff&quot;,&quot;backgroundColor&quot;:&quot;#006BA1&quot;,&quot;fontSize&quot;:&quot;16px&quot;,&quot;padding&quot;:{&quot;top&quot;:&quot;10px&quot;,&quot;right&quot;:&quot;20px&quot;,&quot;bottom&quot;:&quot;10px&quot;,&quot;left&quot;:&quot;20px&quot;},&quot;align&quot;:&quot;center&quot;},&quot;popupBtnText&quot;:&quot;Watch Video&quot;,&quot;resetOnEnd&quot;:false,&quot;autoHideControl&quot;:true,&quot;protectedText&quot;:&quot;Please enter password to wath the video&quot;,&quot;seekTime&quot;:10,&quot;preload&quot;:&quot;metadata&quot;,&quot;overlay&quot;:false,&quot;overlayPosition&quot;:&quot;top_right&quot;,&quot;overlayBackground&quot;:&quot;#333&quot;,&quot;overlayOpacity&quot;:0.8,&quot;overlayTextColor&quot;:&quot;#ffffff&quot;,&quot;overlayFontSize&quot;:{&quot;number&quot;:20,&quot;unit&quot;:&quot;px&quot;},&quot;overlayTextHoverColor&quot;:&quot;#ffffff&quot;,&quot;endScreen&quot;:{&quot;enabled&quot;:false,&quot;text&quot;:&quot;Simple Text&quot;,&quot;btnText&quot;:&quot;Watch Again&quot;,&quot;btnLink&quot;:&quot;&quot;,&quot;btnStyle&quot;:[]},&quot;endscreen&quot;:false,&quot;endscreenText&quot;:&quot;Endscreen text&quot;,&quot;endscreenTextLink&quot;:&quot;#&quot;,&quot;streaming&quot;:false,&quot;streamingType&quot;:&quot;hls&quot;,&quot;speed&quot;:{&quot;1&quot;:true,&quot;2&quot;:true,&quot;3&quot;:true,&quot;0.5&quot;:true,&quot;0.75&quot;:true,&quot;1.25&quot;:true,&quot;1.5&quot;:true,&quot;1.75&quot;:true,&quot;2.5&quot;:true}}\">\r\n            <div class=\"preload_poster\" style=\"background: url();background-position: 50% 50%;overflow:hidden;aspect-ratio:\">\r\n                <svg width=\"36px\" height=\"36px\" viewBox=\"0 0 15 15\" fill=\"none\" xmlns=\"http:\/\/www.w3.org\/2000\/svg\">\r\n                    <path d=\"M4.79062 2.09314C4.63821 1.98427 4.43774 1.96972 4.27121 2.05542C4.10467 2.14112 4 2.31271 4 2.5V12.5C4 12.6873 4.10467 12.8589 4.27121 12.9446C4.43774 13.0303 4.63821 13.0157 4.79062 12.9069L11.7906 7.90687C11.922 7.81301 12 7.66148 12 7.5C12 7.33853 11.922 7.18699 11.7906 7.09314L4.79062 2.09314Z\" fill=\"#fff\"\/>\r\n                <\/svg>\r\n            <\/div>\r\n        <\/div>\r\n        \n\n<p><\/p>\n\n<p>Her \u00e7ocu\u011fun y\u00fcz\u00fcnde bir g\u00fcl\u00fcmseme<\/p>\n\n<p>29 Eyl\u00fcl 2008&#8217;den bu yana ihtiya\u00e7 sahibi \u00e7ocuklar\u0131 destekleyen projeler i\u00e7in UNICEF \u0130yi Niyet El\u00e7isiyim. Bu g\u00f6revi yerine getirmek, deneyimlerimi ve g\u00fcc\u00fcm\u00fc t\u00fcm \u00e7ocuklara sunabilmek benim i\u00e7in bir onurdur; \u00e7\u00fcnk\u00fc onlar, her zaman s\u00f6yledi\u011fim gibi, her ulusun &#8220;alt\u0131n\u0131d\u0131r&#8221;.<br\/><\/p>\n\n<p>UNICEF&#8217;in \u00e7ocuk haklar\u0131n\u0131 geli\u015ftirmeye y\u00f6nelik proje ve kampanyalar\u0131n\u0131 her zaman destekleyece\u011fim.<br\/>\u00c7ocuklar\u0131n destek almas\u0131n\u0131n, yard\u0131m almas\u0131n\u0131n ne kadar \u00f6nemli oldu\u011funu biliyorum, \u00e7\u00fcnk\u00fc ben de bana inanan insanlar taraf\u0131ndan hayallerimi ger\u00e7ekle\u015ftirmeme yard\u0131mc\u0131 olundu.<br\/><\/p>\n\n<p>Elimden geldi\u011fince geri vermek ve UNICEF ile birlikte her \u00e7ocu\u011fun y\u00fcz\u00fcne bir g\u00fcl\u00fcmseme getirmek istiyorum.<\/p>\n","protected":false},"excerpt":{"rendered":"<p>Her \u00e7ocu\u011fun y\u00fcz\u00fcnde bir g\u00fcl\u00fcmseme 29 Eyl\u00fcl 2008&#8217;den bu yana ihtiya\u00e7 sahibi \u00e7ocuklar\u0131 destekleyen projeler i\u00e7in UNICEF \u0130yi Niyet El\u00e7isiyim. Bu g\u00f6revi yerine getirmek, deneyimlerimi ve g\u00fcc\u00fcm\u00fc t\u00fcm \u00e7ocuklara sunabilmek benim i\u00e7in bir onurdur; \u00e7\u00fcnk\u00fc onlar, her zaman s\u00f6yledi\u011fim gibi, her ulusun &#8220;alt\u0131n\u0131d\u0131r&#8221;. UNICEF&#8217;in \u00e7ocuk haklar\u0131n\u0131 geli\u015ftirmeye y\u00f6nelik proje ve kampanyalar\u0131n\u0131 her zaman destekleyece\u011fim.\u00c7ocuklar\u0131n destek [&hellip;]<\/p>\n","protected":false},"author":1,"featured_media":0,"parent":0,"menu_order":0,"comment_status":"closed","ping_status":"closed","template":"","meta":{"_acf_changed":false,"footnotes":""},"class_list":["post-2456","page","type-page","status-publish","hentry"],"acf":[],"yoast_head":"<!-- This site is optimized with the Yoast SEO plugin v24.7 - https:\/\/yoast.com\/wordpress\/plugins\/seo\/ -->\n<title>UNICEF El\u00e7isi - Gheorghe Hagi<\/title>\n<meta name=\"robots\" content=\"index, follow, max-snippet:-1, max-image-preview:large, max-video-preview:-1\" \/>\n<link rel=\"canonical\" href=\"https:\/\/hagi10.ro\/ambasador-unicef\/\" \/>\n<meta property=\"og:locale\" content=\"tr_TR\" \/>\n<meta property=\"og:type\" content=\"article\" \/>\n<meta property=\"og:title\" content=\"UNICEF El\u00e7isi - Gheorghe Hagi\" \/>\n<meta property=\"og:description\" content=\"Her \u00e7ocu\u011fun y\u00fcz\u00fcnde bir g\u00fcl\u00fcmseme 29 Eyl\u00fcl 2008&#8217;den bu yana ihtiya\u00e7 sahibi \u00e7ocuklar\u0131 destekleyen projeler i\u00e7in UNICEF \u0130yi Niyet El\u00e7isiyim. Bu g\u00f6revi yerine getirmek, deneyimlerimi ve g\u00fcc\u00fcm\u00fc t\u00fcm \u00e7ocuklara sunabilmek benim i\u00e7in bir onurdur; \u00e7\u00fcnk\u00fc onlar, her zaman s\u00f6yledi\u011fim gibi, her ulusun &#8220;alt\u0131n\u0131d\u0131r&#8221;. UNICEF&#8217;in \u00e7ocuk haklar\u0131n\u0131 geli\u015ftirmeye y\u00f6nelik proje ve kampanyalar\u0131n\u0131 her zaman destekleyece\u011fim.\u00c7ocuklar\u0131n destek [&hellip;]\" \/>\n<meta property=\"og:url\" content=\"https:\/\/hagi10.ro\/ambasador-unicef\/\" \/>\n<meta property=\"og:site_name\" content=\"Gheorghe Hagi\" \/>\n<meta property=\"article:publisher\" content=\"https:\/\/www.facebook.com\/10GheorgheHagi\" \/>\n<meta property=\"article:modified_time\" content=\"2025-03-25T12:22:51+00:00\" \/>\n<meta name=\"twitter:card\" content=\"summary_large_image\" \/>\n<meta name=\"twitter:label1\" content=\"Tahmini okuma s\u00fcresi\" \/>\n\t<meta name=\"twitter:data1\" content=\"1 dakika\" \/>\n<script type=\"application\/ld+json\" class=\"yoast-schema-graph\">{\"@context\":\"https:\/\/schema.org\",\"@graph\":[{\"@type\":\"WebPage\",\"@id\":\"https:\/\/hagi10.ro\/ambasador-unicef\/\",\"url\":\"https:\/\/hagi10.ro\/ambasador-unicef\/\",\"name\":\"UNICEF El\u00e7isi - Gheorghe Hagi\",\"isPartOf\":{\"@id\":\"https:\/\/hagi10.ro\/#website\"},\"datePublished\":\"2025-03-03T13:29:46+00:00\",\"dateModified\":\"2025-03-25T12:22:51+00:00\",\"breadcrumb\":{\"@id\":\"https:\/\/hagi10.ro\/ambasador-unicef\/#breadcrumb\"},\"inLanguage\":\"tr\",\"potentialAction\":[{\"@type\":\"ReadAction\",\"target\":[\"https:\/\/hagi10.ro\/ambasador-unicef\/\"]}]},{\"@type\":\"BreadcrumbList\",\"@id\":\"https:\/\/hagi10.ro\/ambasador-unicef\/#breadcrumb\",\"itemListElement\":[{\"@type\":\"ListItem\",\"position\":1,\"name\":\"Prima pagin\u0103\",\"item\":\"https:\/\/hagi10.ro\/\"},{\"@type\":\"ListItem\",\"position\":2,\"name\":\"UNICEF El\u00e7isi\"}]},{\"@type\":\"WebSite\",\"@id\":\"https:\/\/hagi10.ro\/#website\",\"url\":\"https:\/\/hagi10.ro\/\",\"name\":\"Gheorghe Hagi\",\"description\":\"Site Oficial\",\"publisher\":{\"@id\":\"https:\/\/hagi10.ro\/#organization\"},\"potentialAction\":[{\"@type\":\"SearchAction\",\"target\":{\"@type\":\"EntryPoint\",\"urlTemplate\":\"https:\/\/hagi10.ro\/?s={search_term_string}\"},\"query-input\":{\"@type\":\"PropertyValueSpecification\",\"valueRequired\":true,\"valueName\":\"search_term_string\"}}],\"inLanguage\":\"tr\"},{\"@type\":\"Organization\",\"@id\":\"https:\/\/hagi10.ro\/#organization\",\"name\":\"Gheorghe Hagi\",\"url\":\"https:\/\/hagi10.ro\/\",\"logo\":{\"@type\":\"ImageObject\",\"inLanguage\":\"tr\",\"@id\":\"https:\/\/hagi10.ro\/#\/schema\/logo\/image\/\",\"url\":\"https:\/\/hagi10.ro\/wp-content\/uploads\/2025\/03\/cropped-Hagilogo-1.png\",\"contentUrl\":\"https:\/\/hagi10.ro\/wp-content\/uploads\/2025\/03\/cropped-Hagilogo-1.png\",\"width\":151,\"height\":62,\"caption\":\"Gheorghe Hagi\"},\"image\":{\"@id\":\"https:\/\/hagi10.ro\/#\/schema\/logo\/image\/\"},\"sameAs\":[\"https:\/\/www.facebook.com\/10GheorgheHagi\",\"https:\/\/www.youtube.com\/@FarulConstantaTV\",\"https:\/\/www.instagram.com\/gheorghehagiofficial10\/\"]}]}<\/script>\n<!-- \/ Yoast SEO plugin. -->","yoast_head_json":{"title":"UNICEF El\u00e7isi - Gheorghe Hagi","robots":{"index":"index","follow":"follow","max-snippet":"max-snippet:-1","max-image-preview":"max-image-preview:large","max-video-preview":"max-video-preview:-1"},"canonical":"https:\/\/hagi10.ro\/ambasador-unicef\/","og_locale":"tr_TR","og_type":"article","og_title":"UNICEF El\u00e7isi - Gheorghe Hagi","og_description":"Her \u00e7ocu\u011fun y\u00fcz\u00fcnde bir g\u00fcl\u00fcmseme 29 Eyl\u00fcl 2008&#8217;den bu yana ihtiya\u00e7 sahibi \u00e7ocuklar\u0131 destekleyen projeler i\u00e7in UNICEF \u0130yi Niyet El\u00e7isiyim. Bu g\u00f6revi yerine getirmek, deneyimlerimi ve g\u00fcc\u00fcm\u00fc t\u00fcm \u00e7ocuklara sunabilmek benim i\u00e7in bir onurdur; \u00e7\u00fcnk\u00fc onlar, her zaman s\u00f6yledi\u011fim gibi, her ulusun &#8220;alt\u0131n\u0131d\u0131r&#8221;. UNICEF&#8217;in \u00e7ocuk haklar\u0131n\u0131 geli\u015ftirmeye y\u00f6nelik proje ve kampanyalar\u0131n\u0131 her zaman destekleyece\u011fim.\u00c7ocuklar\u0131n destek [&hellip;]","og_url":"https:\/\/hagi10.ro\/ambasador-unicef\/","og_site_name":"Gheorghe Hagi","article_publisher":"https:\/\/www.facebook.com\/10GheorgheHagi","article_modified_time":"2025-03-25T12:22:51+00:00","twitter_card":"summary_large_image","twitter_misc":{"Tahmini okuma s\u00fcresi":"1 dakika"},"schema":{"@context":"https:\/\/schema.org","@graph":[{"@type":"WebPage","@id":"https:\/\/hagi10.ro\/ambasador-unicef\/","url":"https:\/\/hagi10.ro\/ambasador-unicef\/","name":"UNICEF El\u00e7isi - Gheorghe Hagi","isPartOf":{"@id":"https:\/\/hagi10.ro\/#website"},"datePublished":"2025-03-03T13:29:46+00:00","dateModified":"2025-03-25T12:22:51+00:00","breadcrumb":{"@id":"https:\/\/hagi10.ro\/ambasador-unicef\/#breadcrumb"},"inLanguage":"tr","potentialAction":[{"@type":"ReadAction","target":["https:\/\/hagi10.ro\/ambasador-unicef\/"]}]},{"@type":"BreadcrumbList","@id":"https:\/\/hagi10.ro\/ambasador-unicef\/#breadcrumb","itemListElement":[{"@type":"ListItem","position":1,"name":"Prima pagin\u0103","item":"https:\/\/hagi10.ro\/"},{"@type":"ListItem","position":2,"name":"UNICEF El\u00e7isi"}]},{"@type":"WebSite","@id":"https:\/\/hagi10.ro\/#website","url":"https:\/\/hagi10.ro\/","name":"Gheorghe Hagi","description":"Site Oficial","publisher":{"@id":"https:\/\/hagi10.ro\/#organization"},"potentialAction":[{"@type":"SearchAction","target":{"@type":"EntryPoint","urlTemplate":"https:\/\/hagi10.ro\/?s={search_term_string}"},"query-input":{"@type":"PropertyValueSpecification","valueRequired":true,"valueName":"search_term_string"}}],"inLanguage":"tr"},{"@type":"Organization","@id":"https:\/\/hagi10.ro\/#organization","name":"Gheorghe Hagi","url":"https:\/\/hagi10.ro\/","logo":{"@type":"ImageObject","inLanguage":"tr","@id":"https:\/\/hagi10.ro\/#\/schema\/logo\/image\/","url":"https:\/\/hagi10.ro\/wp-content\/uploads\/2025\/03\/cropped-Hagilogo-1.png","contentUrl":"https:\/\/hagi10.ro\/wp-content\/uploads\/2025\/03\/cropped-Hagilogo-1.png","width":151,"height":62,"caption":"Gheorghe Hagi"},"image":{"@id":"https:\/\/hagi10.ro\/#\/schema\/logo\/image\/"},"sameAs":["https:\/\/www.facebook.com\/10GheorgheHagi","https:\/\/www.youtube.com\/@FarulConstantaTV","https:\/\/www.instagram.com\/gheorghehagiofficial10\/"]}]}},"_links":{"self":[{"href":"https:\/\/hagi10.ro\/tr\/wp-json\/wp\/v2\/pages\/2456","targetHints":{"allow":["GET"]}}],"collection":[{"href":"https:\/\/hagi10.ro\/tr\/wp-json\/wp\/v2\/pages"}],"about":[{"href":"https:\/\/hagi10.ro\/tr\/wp-json\/wp\/v2\/types\/page"}],"author":[{"embeddable":true,"href":"https:\/\/hagi10.ro\/tr\/wp-json\/wp\/v2\/users\/1"}],"replies":[{"embeddable":true,"href":"https:\/\/hagi10.ro\/tr\/wp-json\/wp\/v2\/comments?post=2456"}],"version-history":[{"count":2,"href":"https:\/\/hagi10.ro\/tr\/wp-json\/wp\/v2\/pages\/2456\/revisions"}],"predecessor-version":[{"id":2458,"href":"https:\/\/hagi10.ro\/tr\/wp-json\/wp\/v2\/pages\/2456\/revisions\/2458"}],"wp:attachment":[{"href":"https:\/\/hagi10.ro\/tr\/wp-json\/wp\/v2\/media?parent=2456"}],"curies":[{"name":"wp","href":"https:\/\/api.w.org\/{rel}","templated":true}]}}